{"id":1831,"date":"2017-01-11T19:10:09","date_gmt":"2017-01-11T18:10:09","guid":{"rendered":"http:\/\/veented.com\/themes\/qaro\/?page_id=5"},"modified":"2017-11-17T13:18:36","modified_gmt":"2017-11-17T12:18:36","slug":"inicio","status":"publish","type":"page","link":"https:\/\/vuelosdetantalo.com\/es\/","title":{"rendered":"Inicio"},"content":{"rendered":"<p>[vc_row full_width=&#8221;stretch_row_content_no_spaces&#8221; css=&#8221;.vc_custom_1484954435748{margin-bottom: 20px !important;}&#8221;][vc_column]\n    <div id=\"veented-slider-250\" class=\"veented-slider-holder veented-slider-fullscreen\" data-slider-autoplay=\"7000\" data-slider-effect=\"slide\">\n\n\t\t<div class=\"veented-slider-loader\">\n\t\t\t<div class=\"spinner\">\n\t\t\t  <div class=\"dot1\"><\/div>\n\t\t\t  <div class=\"dot2\"><\/div>\n\t\t\t<\/div>\n\t\t<\/div>\n\n\t\t<div class=\"veented-slider swiper-containers\">\n\n\t\t\t<div class=\"veented-slider-inner swiper-wrapper\">\n\n\t\t\t\t\n\t\t\t\t<div class=\"swiper-slide veented-slide swiper-lazy veented-slide-1 veented-slide-align-center veented-slide-color-white veented-slide-heading-transform-normal veented-slide-heading-weight-bold veented-slide-overlay-dark\" style=\"background-image:url(https:\/\/vuelosdetantalo.com\/es\/wp-content\/uploads\/2015\/03\/Vuelos-de-Tanatalo-products.jpg);\" data-background=\"https:\/\/vuelosdetantalo.com\/es\/wp-content\/uploads\/2015\/03\/Vuelos-de-Tanatalo-products.jpg\">\n\n\t\t\t\t\t<div class=\"inner\">\n\t\t\t\t\t\t<div class=\"veented-slide-inner\">\n\t\t\t\t\t\t\t\t\t\t\t\t\t\t<h2 class=\"veented-slide-heading animated animatedSlider\"> Productos de calidad y sabor garantizados<\/h2>\n\t\t\t\t\t\t\t<div class=\"veented-slide-buttons animated animatedSlider\"><a class=\"btn btn-white btn-style-stroke scroll btn-hover-white veented-slide-button1\" href=\"#presentacion\">LA EMPRESA<\/a><\/div>\t\t\t\t\t\t<\/div>\n\n\t\t\t\t\t<\/div>\n\n\t\t\t\t<\/div>\n\n\t\t\t\t\n\t\t\t\t<div class=\"swiper-slide veented-slide swiper-lazy veented-slide-2 veented-slide-align-center veented-slide-color-white veented-slide-heading-transform-normal veented-slide-heading-weight-bold veented-slide-overlay-dark\" style=\"background-image:url(https:\/\/vuelosdetantalo.com\/es\/wp-content\/uploads\/2015\/03\/aceite-1.jpg);\" data-background=\"https:\/\/vuelosdetantalo.com\/es\/wp-content\/uploads\/2015\/03\/aceite-1.jpg\">\n\n\t\t\t\t\t<div class=\"inner\">\n\t\t\t\t\t\t<div class=\"veented-slide-inner\">\n\t\t\t\t\t\t\t\t\t\t\t\t\t\t<h2 class=\"veented-slide-heading animated animatedSlider\"> Aceite de Oliva Virgen Extra<\/h2>\n\t\t\t\t\t\t\t<div class=\"veented-slide-buttons animated animatedSlider\"><a class=\"btn btn-white btn-style-stroke btn-hover-white veented-slide-button1\" href=\"https:\/\/vuelosdetantalo.com\/es\/aceites\/\">aceite<\/a><\/div>\t\t\t\t\t\t<\/div>\n\n\t\t\t\t\t<\/div>\n\n\t\t\t\t<\/div>\n\n\t\t\t\t\n\t\t\t\t<div class=\"swiper-slide veented-slide swiper-lazy veented-slide-3 veented-slide-align-center veented-slide-color-white veented-slide-heading-transform-normal veented-slide-heading-weight-bold veented-slide-overlay-dark\" style=\"background-image:url(https:\/\/vuelosdetantalo.com\/es\/wp-content\/uploads\/2015\/03\/vino-1.jpg);\" data-background=\"https:\/\/vuelosdetantalo.com\/es\/wp-content\/uploads\/2015\/03\/vino-1.jpg\">\n\n\t\t\t\t\t<div class=\"inner\">\n\t\t\t\t\t\t<div class=\"veented-slide-inner\">\n\t\t\t\t\t\t\t\t\t\t\t\t\t\t<h2 class=\"veented-slide-heading animated animatedSlider\"> Vinos con Denominaci\u00f3n de Origen<\/h2>\n\t\t\t\t\t\t\t<div class=\"veented-slide-buttons animated animatedSlider\"><a class=\"btn btn-white btn-style-stroke btn-hover-white veented-slide-button1\" href=\"https:\/\/vuelosdetantalo.com\/es\/vino\">vino<\/a><\/div>\t\t\t\t\t\t<\/div>\n\n\t\t\t\t\t<\/div>\n\n\t\t\t\t<\/div>\n\n\t\t\t\t\n\t\t\t<\/div>\n\n\t\t\t<!-- Slider Pagination -->\n\n\t\t\t<div class=\"veented-slider-pagination swiper-pagination\"><\/div>\n\n\t\t\t<!-- Slider Arrows -->\n\n\t\t\t<div class=\"swiper-button-next\"><i class=\"fa fa-angle-right\"><\/i><\/div>\n\t\t\t<div class=\"swiper-button-prev\"><i class=\"fa fa-angle-left\"><\/i><\/div>\n\n\t\t\t\n\t\t<\/div>\n\n\t<\/div>\n\n\t[\/vc_column][\/vc_row][vc_row css=&#8221;.vc_custom_1484769732580{margin-bottom: 0px !important;padding-top: 0px !important;padding-bottom: 55px !important;}&#8221; video_autoplay=&#8221;true&#8221; video_controls=&#8221;true&#8221; video_mute=&#8221;true&#8221; el_id=&#8221;presentacion&#8221;][vc_column width=&#8221;1\/2&#8243;][vc_single_image image=&#8221;3499&#8243; img_size=&#8221;large&#8221; alignment=&#8221;center&#8221; css_animation=&#8221;left-to-right&#8221; css=&#8221;.vc_custom_1491380676387{padding-top: 15% !important;}&#8221;][\/vc_column][vc_column width=&#8221;1\/2&#8243; css=&#8221;.vc_custom_1444038192236{padding-top: 70px !important;}&#8221;][vc_column_text css_animation=&#8221;top-to-bottom&#8221;]<\/p>\n<h1>La empresa<\/h1>\n<p>[\/vc_column_text][vc_column_text css_animation=&#8221;right-to-left&#8221; font_size=&#8221;p16px&#8221;]Vuelos de T\u00e1ntalo es una empresa de servicios especializada en la <strong>venta de productos de alimentaci\u00f3n previamente seleccionados en Origen<\/strong>. Los altos est\u00e1ndares de calidad de dichos productos est\u00e1 asegurada por nuestro equipo de expertos. Solo de esta manera podemos ofrecer, con todas las garant\u00edas, <strong>productos de alta calidad y sabor garantizado<\/strong>.<\/p>\n<p>En Vuelos de T\u00e1ntalo asumimos el reto de poner al servicio de los consumidores una amplia gama de productos con un prestigio que cada d\u00eda va a m\u00e1s, en un perfecto estado de conservaci\u00f3n, y <strong>en las condiciones y formatos que nos demanden nuestros clientes<\/strong>.<\/p>\n<p>[\/vc_column_text][\/vc_column][\/vc_row][vc_row full_width=&#8221;stretch_row_content_no_spaces&#8221; css=&#8221;.vc_custom_1450007158486{margin-bottom: 35px !important;padding-top: 70px !important;background-color: #fbfaf8 !important;}&#8221; video_autoplay=&#8221;true&#8221; video_controls=&#8221;true&#8221; video_mute=&#8221;true&#8221;][vc_column][vc_column_text]<\/p>\n<h1 style=\"text-align: center;\">Productos seleccionados<\/h1>\n<p>[\/vc_column_text]<div class=\"portfolio vntd-portfolio-grid portfolio-style fullwidth relative portfolio-title_categories portfolio-simple portfolio-cols-4 portfolio-counter-yes portfolio-filter-dark portfolio-content-default portfolio-love-yes\"><div id=\"portfolio-2196\" class=\"portfolio-items grid-items cbp\" data-cols=\"4\" data-animation=\"quicksand\" data-gap=\"0\" data-filters=\"portfolio-filters-2196\">\t\t\t\t\t\t\n\t\t\t\t\t\t\t<div class=\"item cbp-item four no-excerpt seleccionado vinagre \">\n\t\t\n\t\t\t\t\t\t\t\t<div class=\"item-inner\">\n\t\t\n\t\t\t\t\t\t\t\t\t<a href=\"https:\/\/vuelosdetantalo.com\/es\/portfolio\/vinagre-jerez-reserva-10\/\" class=\"work-image \">\n\t\t\n\t\t\t\t\t\t\t\t\t\t<img decoding=\"async\" src=\"https:\/\/vuelosdetantalo.com\/es\/wp-content\/uploads\/2017\/05\/vinagre-de-jerez-reserva10-1-450x604.jpg\" alt=\"Vinagre de Jerez Reserva 10\u00ba\">\n\t\t\n\t\t\t\t\t\t\t\t\t\t<div class=\"portfolio-item-overlay\">\n\t\t\t\t\t\t\t\t\t\t\t\n\t\t\t\t\t\t\t\t\t\t\t\t\t\t\t\t\t\t\t\t\t\t<div class=\"portfolio-overlay-icons\">\n\t\t\t\t\t\t\t\t\t\t\t\t<span class=\"overlay-icon overlay-icon-link\" data-href=\"https:\/\/vuelosdetantalo.com\/es\/portfolio\/vinagre-jerez-reserva-10\/\"><i class=\"fa fa-link\"><\/i><\/span>\n\t\t\t\t\t\t\t\t\t\t\t\t<span class=\"overlay-icon overlay-icon-zoom cbp-image-lightbox\" data-href=\"https:\/\/vuelosdetantalo.com\/es\/wp-content\/uploads\/2017\/05\/vinagre-de-jerez-reserva10-1.jpg\" href=\"https:\/\/vuelosdetantalo.com\/es\/wp-content\/uploads\/2017\/05\/vinagre-de-jerez-reserva10-1.jpg\"><i class=\"fa fa-search\"><\/i><\/span>\n\t\t\t\t\t\t\t\t\t\t\t<\/div>\n\t\t\t\t\t\t\t\t\t\t\t\t\t\t\t\t\t\t\t\t\t\t\n\t\t\t\t\t\t\t\t\t\t\t<h3 class=\"portfolio-overlay-title\">\n\t\t\t\t\t\t\t\t\t\t\t\tVinagre de Jerez Reserva 10\u00ba\t\t\t\t\t\t\t\t\t\t\t<\/h3>\n\t\t\t\t\t\t\t\t\t\t\t\n\t\t\t\t\t\t\t\t\t\t\t<div class=\"portfolio-overlay-cats\">SELECCIONADO, Vinagre<\/div>\n\t\t\t\t\t\t\t\t\t\t\t\t\t\t\t\t\t\t\t\t\t<\/div>\n\t\t\n\t\t\t\t\t\t\t\t\t<\/a>\n\t\t\n\t\t\t\t\t\t\t\t<\/div>\n\t\t\t\t\t\t\t\t\n\t\t\t\t\t\t\t\t\t\t\t\t\t\t\t<\/div>\n\t\t\t\t\t\t\t\n\t\t\t\t\t\t\t\t\t\t\t\t\t\n\t\t\t\t\t\t\t<div class=\"item cbp-item four no-excerpt aceite seleccionado \">\n\t\t\n\t\t\t\t\t\t\t\t<div class=\"item-inner\">\n\t\t\n\t\t\t\t\t\t\t\t\t<a href=\"https:\/\/vuelosdetantalo.com\/es\/portfolio\/aove-selection\/\" class=\"work-image \">\n\t\t\n\t\t\t\t\t\t\t\t\t\t<img decoding=\"async\" src=\"https:\/\/vuelosdetantalo.com\/es\/wp-content\/uploads\/2015\/03\/ACEITES-SELECTION-450x604.jpg\" alt=\"AOVE SELECTION\">\n\t\t\n\t\t\t\t\t\t\t\t\t\t<div class=\"portfolio-item-overlay\">\n\t\t\t\t\t\t\t\t\t\t\t\n\t\t\t\t\t\t\t\t\t\t\t\t\t\t\t\t\t\t\t\t\t\t<div class=\"portfolio-overlay-icons\">\n\t\t\t\t\t\t\t\t\t\t\t\t<span class=\"overlay-icon overlay-icon-link\" data-href=\"https:\/\/vuelosdetantalo.com\/es\/portfolio\/aove-selection\/\"><i class=\"fa fa-link\"><\/i><\/span>\n\t\t\t\t\t\t\t\t\t\t\t\t<span class=\"overlay-icon overlay-icon-zoom cbp-image-lightbox\" data-href=\"https:\/\/vuelosdetantalo.com\/es\/wp-content\/uploads\/2015\/03\/ACEITES-SELECTION.jpg\" href=\"https:\/\/vuelosdetantalo.com\/es\/wp-content\/uploads\/2015\/03\/ACEITES-SELECTION.jpg\"><i class=\"fa fa-search\"><\/i><\/span>\n\t\t\t\t\t\t\t\t\t\t\t<\/div>\n\t\t\t\t\t\t\t\t\t\t\t\t\t\t\t\t\t\t\t\t\t\t\n\t\t\t\t\t\t\t\t\t\t\t<h3 class=\"portfolio-overlay-title\">\n\t\t\t\t\t\t\t\t\t\t\t\tAOVE SELECTION\t\t\t\t\t\t\t\t\t\t\t<\/h3>\n\t\t\t\t\t\t\t\t\t\t\t\n\t\t\t\t\t\t\t\t\t\t\t<div class=\"portfolio-overlay-cats\">Aceite, SELECCIONADO<\/div>\n\t\t\t\t\t\t\t\t\t\t\t\t\t\t\t\t\t\t\t\t\t<\/div>\n\t\t\n\t\t\t\t\t\t\t\t\t<\/a>\n\t\t\n\t\t\t\t\t\t\t\t<\/div>\n\t\t\t\t\t\t\t\t\n\t\t\t\t\t\t\t\t\t\t\t\t\t\t\t<\/div>\n\t\t\t\t\t\t\t\n\t\t\t\t\t\t\t\t\t\t\t\t\t\n\t\t\t\t\t\t\t<div class=\"item cbp-item four no-excerpt seleccionado vino vino-blanco \">\n\t\t\n\t\t\t\t\t\t\t\t<div class=\"item-inner\">\n\t\t\n\t\t\t\t\t\t\t\t\t<a href=\"https:\/\/vuelosdetantalo.com\/es\/portfolio\/chardonnay\/\" class=\"work-image \">\n\t\t\n\t\t\t\t\t\t\t\t\t\t<img decoding=\"async\" src=\"https:\/\/vuelosdetantalo.com\/es\/wp-content\/uploads\/2017\/04\/chardonnay-450x604.jpg\" alt=\"CHARDONNAY\">\n\t\t\n\t\t\t\t\t\t\t\t\t\t<div class=\"portfolio-item-overlay\">\n\t\t\t\t\t\t\t\t\t\t\t\n\t\t\t\t\t\t\t\t\t\t\t\t\t\t\t\t\t\t\t\t\t\t<div class=\"portfolio-overlay-icons\">\n\t\t\t\t\t\t\t\t\t\t\t\t<span class=\"overlay-icon overlay-icon-link\" data-href=\"https:\/\/vuelosdetantalo.com\/es\/portfolio\/chardonnay\/\"><i class=\"fa fa-link\"><\/i><\/span>\n\t\t\t\t\t\t\t\t\t\t\t\t<span class=\"overlay-icon overlay-icon-zoom cbp-image-lightbox\" data-href=\"https:\/\/vuelosdetantalo.com\/es\/wp-content\/uploads\/2017\/04\/chardonnay.jpg\" href=\"https:\/\/vuelosdetantalo.com\/es\/wp-content\/uploads\/2017\/04\/chardonnay.jpg\"><i class=\"fa fa-search\"><\/i><\/span>\n\t\t\t\t\t\t\t\t\t\t\t<\/div>\n\t\t\t\t\t\t\t\t\t\t\t\t\t\t\t\t\t\t\t\t\t\t\n\t\t\t\t\t\t\t\t\t\t\t<h3 class=\"portfolio-overlay-title\">\n\t\t\t\t\t\t\t\t\t\t\t\tCHARDONNAY\t\t\t\t\t\t\t\t\t\t\t<\/h3>\n\t\t\t\t\t\t\t\t\t\t\t\n\t\t\t\t\t\t\t\t\t\t\t<div class=\"portfolio-overlay-cats\">SELECCIONADO, Vino, Vino blanco<\/div>\n\t\t\t\t\t\t\t\t\t\t\t\t\t\t\t\t\t\t\t\t\t<\/div>\n\t\t\n\t\t\t\t\t\t\t\t\t<\/a>\n\t\t\n\t\t\t\t\t\t\t\t<\/div>\n\t\t\t\t\t\t\t\t\n\t\t\t\t\t\t\t\t\t\t\t\t\t\t\t<\/div>\n\t\t\t\t\t\t\t\n\t\t\t\t\t\t\t\t\t\t\t\t\t\n\t\t\t\t\t\t\t<div class=\"item cbp-item four no-excerpt seleccionado vino vino-tinto \">\n\t\t\n\t\t\t\t\t\t\t\t<div class=\"item-inner\">\n\t\t\n\t\t\t\t\t\t\t\t\t<a href=\"https:\/\/vuelosdetantalo.com\/es\/portfolio\/crianza-tempranillo\/\" class=\"work-image \">\n\t\t\n\t\t\t\t\t\t\t\t\t\t<img decoding=\"async\" src=\"https:\/\/vuelosdetantalo.com\/es\/wp-content\/uploads\/2017\/04\/crianza-tempranillo-450x604.jpg\" alt=\"CRIANZA TEMPRANILLO\">\n\t\t\n\t\t\t\t\t\t\t\t\t\t<div class=\"portfolio-item-overlay\">\n\t\t\t\t\t\t\t\t\t\t\t\n\t\t\t\t\t\t\t\t\t\t\t\t\t\t\t\t\t\t\t\t\t\t<div class=\"portfolio-overlay-icons\">\n\t\t\t\t\t\t\t\t\t\t\t\t<span class=\"overlay-icon overlay-icon-link\" data-href=\"https:\/\/vuelosdetantalo.com\/es\/portfolio\/crianza-tempranillo\/\"><i class=\"fa fa-link\"><\/i><\/span>\n\t\t\t\t\t\t\t\t\t\t\t\t<span class=\"overlay-icon overlay-icon-zoom cbp-image-lightbox\" data-href=\"https:\/\/vuelosdetantalo.com\/es\/wp-content\/uploads\/2017\/04\/crianza-tempranillo.jpg\" href=\"https:\/\/vuelosdetantalo.com\/es\/wp-content\/uploads\/2017\/04\/crianza-tempranillo.jpg\"><i class=\"fa fa-search\"><\/i><\/span>\n\t\t\t\t\t\t\t\t\t\t\t<\/div>\n\t\t\t\t\t\t\t\t\t\t\t\t\t\t\t\t\t\t\t\t\t\t\n\t\t\t\t\t\t\t\t\t\t\t<h3 class=\"portfolio-overlay-title\">\n\t\t\t\t\t\t\t\t\t\t\t\tCRIANZA TEMPRANILLO\t\t\t\t\t\t\t\t\t\t\t<\/h3>\n\t\t\t\t\t\t\t\t\t\t\t\n\t\t\t\t\t\t\t\t\t\t\t<div class=\"portfolio-overlay-cats\">SELECCIONADO, Vino, Vino tinto<\/div>\n\t\t\t\t\t\t\t\t\t\t\t\t\t\t\t\t\t\t\t\t\t<\/div>\n\t\t\n\t\t\t\t\t\t\t\t\t<\/a>\n\t\t\n\t\t\t\t\t\t\t\t<\/div>\n\t\t\t\t\t\t\t\t\n\t\t\t\t\t\t\t\t\t\t\t\t\t\t\t<\/div>\n\t\t\t\t\t\t\t\n\t\t\t\t\t\t\t<\/div><\/div>[\/vc_column][\/vc_row][vc_row video_autoplay=&#8221;true&#8221; video_controls=&#8221;true&#8221; video_mute=&#8221;true&#8221; el_id=&#8221;second&#8221; css=&#8221;.vc_custom_1491555768938{margin-bottom: 50px !important;}&#8221;][vc_column][vc_row_inner css=&#8221;.vc_custom_1427402977108{margin-bottom: 30px !important;}&#8221;][vc_column_inner width=&#8221;1\/3&#8243;]<div class=\"vntd-icon-box icon-box-small-left animated vntd-animated box\" data-animation=\"fadeIn\" data-animation-delay=\"100\"><div class=\"icon-box-icon\"><i class=\"fa fa-diamond\"><\/i><\/div><div class=\"icon-box-content\"><h3 class=\"icon-box-title\">Selecci\u00f3n<\/h3><p class=\"icon-description\">Los productos se seleccionan en origen, garantizando alta calidad y sabor excepcional.<\/p><\/div><\/div>[\/vc_column_inner][vc_column_inner width=&#8221;1\/3&#8243;]<div class=\"vntd-icon-box icon-box-small-left animated vntd-animated box\" data-animation=\"fadeIn\" data-animation-delay=\"300\"><div class=\"icon-box-icon\"><i class=\"entypo-icon entypo-icon-flight\"><\/i><\/div><div class=\"icon-box-content\"><h3 class=\"icon-box-title\">Exportaci\u00f3n<\/h3><p class=\"icon-description\">Los productos se exportan cumpliendo las normas internacionales y locales del destino.<\/p><\/div><\/div>[\/vc_column_inner][vc_column_inner width=&#8221;1\/3&#8243;]<div class=\"vntd-icon-box icon-box-small-left animated vntd-animated box\" data-animation=\"fadeIn\" data-animation-delay=\"700\"><div class=\"icon-box-icon\"><i class=\"entypo-icon entypo-icon-basket\"><\/i><\/div><div class=\"icon-box-content\"><h3 class=\"icon-box-title\">Venta<\/h3><p class=\"icon-description\">Los productos se suministran en las condiciones y formatos que nos demanden.<\/p><\/div><\/div>[\/vc_column_inner][\/vc_row_inner][\/vc_column][\/vc_row]<\/p>\n","protected":false},"excerpt":{"rendered":"<p>[vc_row full_width=&#8221;stretch_row_content_no_spaces&#8221; css=&#8221;.vc_custom_1484954435748{margin-bottom: 20px !important;}&#8221;][vc_column][\/vc_column][\/vc_row][vc_row css=&#8221;.vc_custom_1484769732580{margin-bottom: 0px !important;padding-top: 0px !important;padding-bottom: 55px !important;}&#8221; video_autoplay=&#8221;true&#8221; video_controls=&#8221;true&#8221; video_mute=&#8221;true&#8221; el_id=&#8221;presentacion&#8221;][vc_column width=&#8221;1\/2&#8243;][vc_single_image image=&#8221;3499&#8243; img_size=&#8221;large&#8221; alignment=&#8221;center&#8221; css_animation=&#8221;left-to-right&#8221; css=&#8221;.vc_custom_1491380676387{padding-top: 15% !important;}&#8221;][\/vc_column][vc_column width=&#8221;1\/2&#8243; css=&#8221;.vc_custom_1444038192236{padding-top: 70px !important;}&#8221;][vc_column_text css_animation=&#8221;top-to-bottom&#8221;] La empresa [\/vc_column_text][vc_column_text css_animation=&#8221;right-to-left&#8221; font_size=&#8221;p16px&#8221;]Vuelos de T\u00e1ntalo es una empresa de servicios especializada en la venta de productos de alimentaci\u00f3n previamente [&hellip;]<\/p>\n","protected":false},"author":1,"featured_media":0,"parent":0,"menu_order":0,"comment_status":"closed","ping_status":"closed","template":"","meta":{"footnotes":""},"class_list":["post-1831","page","type-page","status-publish","hentry"],"_links":{"self":[{"href":"https:\/\/vuelosdetantalo.com\/es\/wp-json\/wp\/v2\/pages\/1831","targetHints":{"allow":["GET"]}}],"collection":[{"href":"https:\/\/vuelosdetantalo.com\/es\/wp-json\/wp\/v2\/pages"}],"about":[{"href":"https:\/\/vuelosdetantalo.com\/es\/wp-json\/wp\/v2\/types\/page"}],"author":[{"embeddable":true,"href":"https:\/\/vuelosdetantalo.com\/es\/wp-json\/wp\/v2\/users\/1"}],"replies":[{"embeddable":true,"href":"https:\/\/vuelosdetantalo.com\/es\/wp-json\/wp\/v2\/comments?post=1831"}],"version-history":[{"count":64,"href":"https:\/\/vuelosdetantalo.com\/es\/wp-json\/wp\/v2\/pages\/1831\/revisions"}],"predecessor-version":[{"id":3788,"href":"https:\/\/vuelosdetantalo.com\/es\/wp-json\/wp\/v2\/pages\/1831\/revisions\/3788"}],"wp:attachment":[{"href":"https:\/\/vuelosdetantalo.com\/es\/wp-json\/wp\/v2\/media?parent=1831"}],"curies":[{"name":"wp","href":"https:\/\/api.w.org\/{rel}","templated":true}]}}