{"id":3387,"date":"2017-01-20T15:42:01","date_gmt":"2017-01-20T14:42:01","guid":{"rendered":"http:\/\/vuelosdetantalo.com\/WP\/?page_id=3387"},"modified":"2017-01-24T20:44:04","modified_gmt":"2017-01-24T19:44:04","slug":"cookies","status":"publish","type":"page","link":"https:\/\/vuelosdetantalo.com\/es\/cookies\/","title":{"rendered":"Cookies"},"content":{"rendered":"<div class=\"row\">\n<div class=\"col-md-9 margen-extra\">\n<h1>Pol\u00edtica de cookies<\/h1>\n<\/div>\n<div class=\"col-md-3\"><\/div>\n<\/div>\n<div class=\"row\">\n<div class=\"col-md-9 margen-extra\">\n<div class=\"adn ads\">\n<div class=\"gs\">\n<div id=\":q6\" class=\"ii gt adP adO\">\n<div id=\":nz\" class=\"a3s aXjCH m15500e4efb117f50\">\n<div>\n<p>Las cookies son unos archivos de texto que se alojan en el terminal del usuario visitante con cierta informaci\u00f3n de la visita a la p\u00e1gina.<\/p>\n<p>Si deseas obtener m\u00e1s informaci\u00f3n en relaci\u00f3n a las cookies, ponemos a tu disposici\u00f3n los siguientes enlaces:<\/p>\n<ul>\n<li><a href=\"http:\/\/es.wikipedia.org\/wiki\/Cookie_%28inform%C3%A1tica%29\">Entrada en la Wikipedia sobre las cookies<\/a><\/li>\n<li><a href=\"http:\/\/tools.ietf.org\/html\/rfc6265\">Documento t\u00e9cnico explicativo sobre las cookies<\/a><\/li>\n<li><a href=\"http:\/\/www.allaboutcookies.org\/es\/\">http:\/\/www.allaboutcookies.org\/es\/<\/a><\/li>\n<\/ul>\n<p><strong>\u00a0<\/strong><\/p>\n<p><strong>BLOQUEO Y ELIMINACI\u00d3N DE COOKIES.<\/strong><\/p>\n<p>Por regla general los<a href=\"http:\/\/es.wikipedia.org\/wiki\/Navegador_web\"> navegadores<\/a>\u00a0 disponen de diversas opciones de configuraci\u00f3n en relaci\u00f3n a las cookies, que permiten ajustar diversos niveles de privacidad, de forma que por ejemplo, se denieguen todas las cookies que pueda enviar un sitio web como este o incluso se eliminen todas las cookies que pudieran haberse guardado. Para modificar dichos par\u00e1metros puedes solicitar ayuda al fabricante del mismo o consultar la documentaci\u00f3n de los mismos que se relaciona a continuaci\u00f3n:<\/p>\n<ul>\n<li><a href=\"http:\/\/support.google.com\/chrome\/bin\/answer.py?hl=es&amp;answer=95647\">Google Chrome<\/a>, <a href=\"http:\/\/support.mozilla.org\/es\/kb\/Habilitar%20y%20deshabilitar%20cookies\">Mozilla Firefox<\/a>, <a href=\"http:\/\/windows.microsoft.com\/es-es\/internet-explorer\/delete-manage-cookies#ie=ie-11-win-7\">Internet Explorer<\/a> y\u00a0<a href=\"https:\/\/support.apple.com\/kb\/PH17191?locale=en_US&amp;viewlocale=es_ES\">Safari.<\/a><\/li>\n<li><a href=\"https:\/\/support.apple.com\/es-es\/HT201265\">IOS<\/a>, <a href=\"https:\/\/support.google.com\/chrome\/answer\/2392971?hl=es\">Android<\/a>, <a href=\"http:\/\/docs.blackberry.com\/en\/smartphone_users\/deliverables\/32004\/Turn_off_cookies_in_the_browser_60_1072866_11.jsp\">Blackberry<\/a> y <a href=\"http:\/\/www.windowsphone.com\/es-es\/how-to\/wp7\/web\/changing-privacy-and-other-browser-settings\">Windows Phone<\/a>.<\/li>\n<\/ul>\n<p>En el caso de que el usuario restrinja o bloque alguna o todas de las cookies del presente sitio Web, es posible que alguna de las funcionalidades o servicios prestados de la p\u00e1gina no est\u00e9n disponibles.<\/p>\n<p>&nbsp;<\/p>\n<p><strong>COOKIES DE ESTE SITIO WEB.<\/strong><\/p>\n<p><u>Cookies de Anal\u00edtica de Google.<\/u><\/p>\n<p>Est\u00e1s cookies son servidas por Google como consecuencia de la utilizaci\u00f3n por parte del titular de la p\u00e1gina del servicio \u201c<a href=\"http:\/\/www.google.com\/intl\/es_ALL\/analytics\/index.html\">Google Analytics<\/a>\u201d. Este servicio recoge diversa informaci\u00f3n sobre la navegaci\u00f3n, como por ejemplo, ubicaci\u00f3n del visitante, detalles de la visita realizada (tiempo, p\u00e1ginas servidas, etc.). Aparte de la posibilidad por el navegador de bloquear las cookies, el usuario puede utilizar <a href=\"https:\/\/tools.google.com\/dlpage\/gaoptout\">este complemento<\/a> facilitado por la propia Google para inhabilitar el servicio de Google Analytics en su visita.<\/p>\n<p><u>Cookies t\u00e9cnicas de la plataforma web. <\/u><\/p>\n<p>Estas cookies son empleadas por la p\u00e1gina y tienen como objetivo permitir la visita a la p\u00e1gina.<\/p>\n<\/div>\n<\/div>\n<\/div>\n<\/div>\n<\/div>\n<\/div>\n<\/div>\n","protected":false},"excerpt":{"rendered":"<p>Pol\u00edtica de cookies Las cookies son unos archivos de texto que se alojan en el terminal del usuario visitante con cierta informaci\u00f3n de la visita a la p\u00e1gina. Si deseas obtener m\u00e1s informaci\u00f3n en relaci\u00f3n a las cookies, ponemos a tu disposici\u00f3n los siguientes enlaces: Entrada en la Wikipedia sobre [&hellip;]<\/p>\n","protected":false},"author":1,"featured_media":0,"parent":0,"menu_order":0,"comment_status":"closed","ping_status":"closed","template":"","meta":{"footnotes":""},"class_list":["post-3387","page","type-page","status-publish","hentry"],"_links":{"self":[{"href":"https:\/\/vuelosdetantalo.com\/es\/wp-json\/wp\/v2\/pages\/3387","targetHints":{"allow":["GET"]}}],"collection":[{"href":"https:\/\/vuelosdetantalo.com\/es\/wp-json\/wp\/v2\/pages"}],"about":[{"href":"https:\/\/vuelosdetantalo.com\/es\/wp-json\/wp\/v2\/types\/page"}],"author":[{"embeddable":true,"href":"https:\/\/vuelosdetantalo.com\/es\/wp-json\/wp\/v2\/users\/1"}],"replies":[{"embeddable":true,"href":"https:\/\/vuelosdetantalo.com\/es\/wp-json\/wp\/v2\/comments?post=3387"}],"version-history":[{"count":2,"href":"https:\/\/vuelosdetantalo.com\/es\/wp-json\/wp\/v2\/pages\/3387\/revisions"}],"predecessor-version":[{"id":3459,"href":"https:\/\/vuelosdetantalo.com\/es\/wp-json\/wp\/v2\/pages\/3387\/revisions\/3459"}],"wp:attachment":[{"href":"https:\/\/vuelosdetantalo.com\/es\/wp-json\/wp\/v2\/media?parent=3387"}],"curies":[{"name":"wp","href":"https:\/\/api.w.org\/{rel}","templated":true}]}}