{"id":3611,"date":"2017-04-24T12:49:01","date_gmt":"2017-04-24T10:49:01","guid":{"rendered":"http:\/\/vuelosdetantalo.com\/WP\/?page_id=3611"},"modified":"2018-03-08T17:45:40","modified_gmt":"2018-03-08T16:45:40","slug":"aceites","status":"publish","type":"page","link":"https:\/\/vuelosdetantalo.com\/es\/aceites\/","title":{"rendered":"Aceites"},"content":{"rendered":"<p>[vc_row content_placement=&#8221;bottom&#8221;][vc_column width=&#8221;1\/2&#8243;][vc_single_image image=&#8221;3874&#8243; alignment=&#8221;center&#8221;][\/vc_column][vc_column width=&#8221;1\/2&#8243;][vc_column_text]<\/p>\n<h2>\u00daNIKO<\/h2>\n<div>Hemos elaborado este <strong>aceite de oliva virgen extra de cualidades superiores<\/strong> con aceitunas seleccionadas de fincas familiares, situadas en Espa\u00f1a. El terreno y la climatolog\u00eda presentan las caracter\u00edsticas id\u00f3neas para procurar una excelente calidad, siempre que se respete el estricto protocolo de elaboraci\u00f3n. El estado de maduraci\u00f3n del fruto, el control de la temperatura y los tiempos del proceso son tres variables fundamentales para mantener intactos los compuestos vol\u00e1tiles y fen\u00f3licos que dar\u00e1n lugar al frutado verde de este aceite y a sus caracter\u00edsticas nutricionales.<\/div>\n<div><\/div>\n<div>El per\u00edodo de recolecci\u00f3n, la temperatura y los tiempos del proceso son tres variables fundamentales para conseguir este aceite de alta calidad UNIKO, y se controlan mediante nuestros protocolos de elaboraci\u00f3n, incluyendo un seguimiento exhaustivo de la producci\u00f3n en campo.<\/div>\n<p>[\/vc_column_text][\/vc_column][\/vc_row][vc_row css=&#8221;.vc_custom_1493104896530{padding-bottom: 70px !important;}&#8221;][vc_column]<div class=\"portfolio vntd-portfolio-grid portfolio-style  portfolio-simple portfolio-title_excerpt portfolio-cols-3 portfolio-counter-yes portfolio-filter-dark portfolio-content-default portfolio-love-yes\"><div id=\"portfolio-9509\" class=\"portfolio-items grid-items cbp\" data-cols=\"3\" data-animation=\"quicksand\" data-gap=\"30\" data-filters=\"portfolio-filters-9509\">\t\t\t\t\t\t\n\t\t\t\t\t\t\t<div class=\"item cbp-item boxed-item col-xs-4 no-excerpt aceite \">\n\t\t\n\t\t\t\t\t\t\t\t<div class=\"item-inner\">\n\t\t\n\t\t\t\t\t\t\t\t\t<a href=\"https:\/\/vuelosdetantalo.com\/es\/portfolio\/aceite-pomace\/\" class=\"work-image \">\n\t\t\n\t\t\t\t\t\t\t\t\t\t<img decoding=\"async\" src=\"https:\/\/vuelosdetantalo.com\/es\/wp-content\/uploads\/2017\/04\/ACEITES-POMACE-1-450x604.jpg\" alt=\"Aceite POMACE\">\n\t\t\n\t\t\t\t\t\t\t\t\t\t<div class=\"portfolio-item-overlay\">\n\t\t\t\t\t\t\t\t\t\t\t\n\t\t\t\t\t\t\t\t\t\t\t\t\t\t\t\t\t\t\t\t\t\t<div class=\"portfolio-overlay-icons\">\n\t\t\t\t\t\t\t\t\t\t\t\t<span class=\"overlay-icon overlay-icon-link\" data-href=\"https:\/\/vuelosdetantalo.com\/es\/portfolio\/aceite-pomace\/\"><i class=\"fa fa-link\"><\/i><\/span>\n\t\t\t\t\t\t\t\t\t\t\t\t<span class=\"overlay-icon overlay-icon-zoom cbp-image-lightbox\" data-href=\"https:\/\/vuelosdetantalo.com\/es\/wp-content\/uploads\/2017\/04\/ACEITES-POMACE-1-763x1024.jpg\" href=\"https:\/\/vuelosdetantalo.com\/es\/wp-content\/uploads\/2017\/04\/ACEITES-POMACE-1-763x1024.jpg\"><i class=\"fa fa-search\"><\/i><\/span>\n\t\t\t\t\t\t\t\t\t\t\t<\/div>\n\t\t\t\t\t\t\t\t\t\t\t\t\t\t\t\t\t\t\t\t\t\t\n\t\t\t\t\t\t\t\t\t\t\t<h3 class=\"portfolio-overlay-title\">\n\t\t\t\t\t\t\t\t\t\t\t\tAceite POMACE\t\t\t\t\t\t\t\t\t\t\t<\/h3>\n\t\t\t\t\t\t\t\t\t\t\t\n\t\t\t\t\t\t\t\t\t\t\t<div class=\"portfolio-overlay-cats\">Aceite<\/div>\n\t\t\t\t\t\t\t\t\t\t\t\t\t\t\t\t\t\t\t\t\t<\/div>\n\t\t\n\t\t\t\t\t\t\t\t\t<\/a>\n\t\t\n\t\t\t\t\t\t\t\t<\/div>\n\t\t\t\t\t\t\t\t\n\t\t\t\t\t\t\t\t\t\t\t\t\t\t\t\t<div class=\"item-outer\">\n\t\t\t\t\t\t\t\t\t<h3 class=\"portfolio-outer-title\">\n\t\t\t\t\t\t\t\t\t\t<a href=\"https:\/\/vuelosdetantalo.com\/es\/portfolio\/aceite-pomace\/\" class=\"portfolio-outer-link\">Aceite POMACE<\/a>\n\t\t\t\t\t\t\t\t\t<\/h3>\n\t\t\t\t\t\t\t\t\t<div class=\"portfolio-outer-cats\">Aceite<\/div>\n\t\t\t\t\t\t\t\t\t\t\t\t\t\t\t\t\t<\/div>\n\t\t\t\t\t\t\t\t\t\t\t\t\t\t\t<\/div>\n\t\t\t\t\t\t\t\n\t\t\t\t\t\t\t\t\t\t\t\t\t\n\t\t\t\t\t\t\t<div class=\"item cbp-item boxed-item col-xs-4 no-excerpt aceite seleccionado \">\n\t\t\n\t\t\t\t\t\t\t\t<div class=\"item-inner\">\n\t\t\n\t\t\t\t\t\t\t\t\t<a href=\"https:\/\/vuelosdetantalo.com\/es\/portfolio\/aove-selection\/\" class=\"work-image \">\n\t\t\n\t\t\t\t\t\t\t\t\t\t<img decoding=\"async\" src=\"https:\/\/vuelosdetantalo.com\/es\/wp-content\/uploads\/2015\/03\/ACEITES-SELECTION-450x604.jpg\" alt=\"AOVE SELECTION\">\n\t\t\n\t\t\t\t\t\t\t\t\t\t<div class=\"portfolio-item-overlay\">\n\t\t\t\t\t\t\t\t\t\t\t\n\t\t\t\t\t\t\t\t\t\t\t\t\t\t\t\t\t\t\t\t\t\t<div class=\"portfolio-overlay-icons\">\n\t\t\t\t\t\t\t\t\t\t\t\t<span class=\"overlay-icon overlay-icon-link\" data-href=\"https:\/\/vuelosdetantalo.com\/es\/portfolio\/aove-selection\/\"><i class=\"fa fa-link\"><\/i><\/span>\n\t\t\t\t\t\t\t\t\t\t\t\t<span class=\"overlay-icon overlay-icon-zoom cbp-image-lightbox\" data-href=\"https:\/\/vuelosdetantalo.com\/es\/wp-content\/uploads\/2015\/03\/ACEITES-SELECTION.jpg\" href=\"https:\/\/vuelosdetantalo.com\/es\/wp-content\/uploads\/2015\/03\/ACEITES-SELECTION.jpg\"><i class=\"fa fa-search\"><\/i><\/span>\n\t\t\t\t\t\t\t\t\t\t\t<\/div>\n\t\t\t\t\t\t\t\t\t\t\t\t\t\t\t\t\t\t\t\t\t\t\n\t\t\t\t\t\t\t\t\t\t\t<h3 class=\"portfolio-overlay-title\">\n\t\t\t\t\t\t\t\t\t\t\t\tAOVE SELECTION\t\t\t\t\t\t\t\t\t\t\t<\/h3>\n\t\t\t\t\t\t\t\t\t\t\t\n\t\t\t\t\t\t\t\t\t\t\t<div class=\"portfolio-overlay-cats\">Aceite, SELECCIONADO<\/div>\n\t\t\t\t\t\t\t\t\t\t\t\t\t\t\t\t\t\t\t\t\t<\/div>\n\t\t\n\t\t\t\t\t\t\t\t\t<\/a>\n\t\t\n\t\t\t\t\t\t\t\t<\/div>\n\t\t\t\t\t\t\t\t\n\t\t\t\t\t\t\t\t\t\t\t\t\t\t\t\t<div class=\"item-outer\">\n\t\t\t\t\t\t\t\t\t<h3 class=\"portfolio-outer-title\">\n\t\t\t\t\t\t\t\t\t\t<a href=\"https:\/\/vuelosdetantalo.com\/es\/portfolio\/aove-selection\/\" class=\"portfolio-outer-link\">AOVE SELECTION<\/a>\n\t\t\t\t\t\t\t\t\t<\/h3>\n\t\t\t\t\t\t\t\t\t<div class=\"portfolio-outer-cats\">Aceite, SELECCIONADO<\/div>\n\t\t\t\t\t\t\t\t\t\t\t\t\t\t\t\t\t<\/div>\n\t\t\t\t\t\t\t\t\t\t\t\t\t\t\t<\/div>\n\t\t\t\t\t\t\t\n\t\t\t\t\t\t\t\t\t\t\t\t\t\n\t\t\t\t\t\t\t<div class=\"item cbp-item boxed-item col-xs-4 no-excerpt aceite \">\n\t\t\n\t\t\t\t\t\t\t\t<div class=\"item-inner\">\n\t\t\n\t\t\t\t\t\t\t\t\t<a href=\"https:\/\/vuelosdetantalo.com\/es\/portfolio\/aove-coupage\/\" class=\"work-image \">\n\t\t\n\t\t\t\t\t\t\t\t\t\t<img decoding=\"async\" src=\"https:\/\/vuelosdetantalo.com\/es\/wp-content\/uploads\/2017\/04\/ACEITE-COUPAGE-450x604.jpg\" alt=\"AOVE COUPAGE\">\n\t\t\n\t\t\t\t\t\t\t\t\t\t<div class=\"portfolio-item-overlay\">\n\t\t\t\t\t\t\t\t\t\t\t\n\t\t\t\t\t\t\t\t\t\t\t\t\t\t\t\t\t\t\t\t\t\t<div class=\"portfolio-overlay-icons\">\n\t\t\t\t\t\t\t\t\t\t\t\t<span class=\"overlay-icon overlay-icon-link\" data-href=\"https:\/\/vuelosdetantalo.com\/es\/portfolio\/aove-coupage\/\"><i class=\"fa fa-link\"><\/i><\/span>\n\t\t\t\t\t\t\t\t\t\t\t\t<span class=\"overlay-icon overlay-icon-zoom cbp-image-lightbox\" data-href=\"https:\/\/vuelosdetantalo.com\/es\/wp-content\/uploads\/2017\/04\/ACEITE-COUPAGE.jpg\" href=\"https:\/\/vuelosdetantalo.com\/es\/wp-content\/uploads\/2017\/04\/ACEITE-COUPAGE.jpg\"><i class=\"fa fa-search\"><\/i><\/span>\n\t\t\t\t\t\t\t\t\t\t\t<\/div>\n\t\t\t\t\t\t\t\t\t\t\t\t\t\t\t\t\t\t\t\t\t\t\n\t\t\t\t\t\t\t\t\t\t\t<h3 class=\"portfolio-overlay-title\">\n\t\t\t\t\t\t\t\t\t\t\t\tAOVE COUPAGE\t\t\t\t\t\t\t\t\t\t\t<\/h3>\n\t\t\t\t\t\t\t\t\t\t\t\n\t\t\t\t\t\t\t\t\t\t\t<div class=\"portfolio-overlay-cats\">Aceite<\/div>\n\t\t\t\t\t\t\t\t\t\t\t\t\t\t\t\t\t\t\t\t\t<\/div>\n\t\t\n\t\t\t\t\t\t\t\t\t<\/a>\n\t\t\n\t\t\t\t\t\t\t\t<\/div>\n\t\t\t\t\t\t\t\t\n\t\t\t\t\t\t\t\t\t\t\t\t\t\t\t\t<div class=\"item-outer\">\n\t\t\t\t\t\t\t\t\t<h3 class=\"portfolio-outer-title\">\n\t\t\t\t\t\t\t\t\t\t<a href=\"https:\/\/vuelosdetantalo.com\/es\/portfolio\/aove-coupage\/\" class=\"portfolio-outer-link\">AOVE COUPAGE<\/a>\n\t\t\t\t\t\t\t\t\t<\/h3>\n\t\t\t\t\t\t\t\t\t<div class=\"portfolio-outer-cats\">Aceite<\/div>\n\t\t\t\t\t\t\t\t\t\t\t\t\t\t\t\t\t<\/div>\n\t\t\t\t\t\t\t\t\t\t\t\t\t\t\t<\/div>\n\t\t\t\t\t\t\t\n\t\t\t\t\t\t\t\t\t\t\t\t\t\n\t\t\t\t\t\t\t<div class=\"item cbp-item boxed-item col-xs-4 no-excerpt aceite \">\n\t\t\n\t\t\t\t\t\t\t\t<div class=\"item-inner\">\n\t\t\n\t\t\t\t\t\t\t\t\t<a href=\"https:\/\/vuelosdetantalo.com\/es\/portfolio\/aove-100-picual\/\" class=\"work-image \">\n\t\t\n\t\t\t\t\t\t\t\t\t\t<img decoding=\"async\" src=\"https:\/\/vuelosdetantalo.com\/es\/wp-content\/uploads\/2017\/04\/ACEITE-PICUAL-450x604.jpg\" alt=\"100% PICUAL\">\n\t\t\n\t\t\t\t\t\t\t\t\t\t<div class=\"portfolio-item-overlay\">\n\t\t\t\t\t\t\t\t\t\t\t\n\t\t\t\t\t\t\t\t\t\t\t\t\t\t\t\t\t\t\t\t\t\t<div class=\"portfolio-overlay-icons\">\n\t\t\t\t\t\t\t\t\t\t\t\t<span class=\"overlay-icon overlay-icon-link\" data-href=\"https:\/\/vuelosdetantalo.com\/es\/portfolio\/aove-100-picual\/\"><i class=\"fa fa-link\"><\/i><\/span>\n\t\t\t\t\t\t\t\t\t\t\t\t<span class=\"overlay-icon overlay-icon-zoom cbp-image-lightbox\" data-href=\"https:\/\/vuelosdetantalo.com\/es\/wp-content\/uploads\/2017\/04\/ACEITE-PICUAL.jpg\" href=\"https:\/\/vuelosdetantalo.com\/es\/wp-content\/uploads\/2017\/04\/ACEITE-PICUAL.jpg\"><i class=\"fa fa-search\"><\/i><\/span>\n\t\t\t\t\t\t\t\t\t\t\t<\/div>\n\t\t\t\t\t\t\t\t\t\t\t\t\t\t\t\t\t\t\t\t\t\t\n\t\t\t\t\t\t\t\t\t\t\t<h3 class=\"portfolio-overlay-title\">\n\t\t\t\t\t\t\t\t\t\t\t\t100% PICUAL\t\t\t\t\t\t\t\t\t\t\t<\/h3>\n\t\t\t\t\t\t\t\t\t\t\t\n\t\t\t\t\t\t\t\t\t\t\t<div class=\"portfolio-overlay-cats\">Aceite<\/div>\n\t\t\t\t\t\t\t\t\t\t\t\t\t\t\t\t\t\t\t\t\t<\/div>\n\t\t\n\t\t\t\t\t\t\t\t\t<\/a>\n\t\t\n\t\t\t\t\t\t\t\t<\/div>\n\t\t\t\t\t\t\t\t\n\t\t\t\t\t\t\t\t\t\t\t\t\t\t\t\t<div class=\"item-outer\">\n\t\t\t\t\t\t\t\t\t<h3 class=\"portfolio-outer-title\">\n\t\t\t\t\t\t\t\t\t\t<a href=\"https:\/\/vuelosdetantalo.com\/es\/portfolio\/aove-100-picual\/\" class=\"portfolio-outer-link\">100% PICUAL<\/a>\n\t\t\t\t\t\t\t\t\t<\/h3>\n\t\t\t\t\t\t\t\t\t<div class=\"portfolio-outer-cats\">Aceite<\/div>\n\t\t\t\t\t\t\t\t\t\t\t\t\t\t\t\t\t<\/div>\n\t\t\t\t\t\t\t\t\t\t\t\t\t\t\t<\/div>\n\t\t\t\t\t\t\t\n\t\t\t\t\t\t\t\t\t\t\t\t\t\n\t\t\t\t\t\t\t<div class=\"item cbp-item boxed-item col-xs-4 no-excerpt aceite \">\n\t\t\n\t\t\t\t\t\t\t\t<div class=\"item-inner\">\n\t\t\n\t\t\t\t\t\t\t\t\t<a href=\"https:\/\/vuelosdetantalo.com\/es\/portfolio\/aceites-vegetales\/\" class=\"work-image \">\n\t\t\n\t\t\t\t\t\t\t\t\t\t<img decoding=\"async\" src=\"https:\/\/vuelosdetantalo.com\/es\/wp-content\/uploads\/2017\/06\/aceite25L-450x604.jpg\" alt=\"Aceites vegetales\">\n\t\t\n\t\t\t\t\t\t\t\t\t\t<div class=\"portfolio-item-overlay\">\n\t\t\t\t\t\t\t\t\t\t\t\n\t\t\t\t\t\t\t\t\t\t\t\t\t\t\t\t\t\t\t\t\t\t<div class=\"portfolio-overlay-icons\">\n\t\t\t\t\t\t\t\t\t\t\t\t<span class=\"overlay-icon overlay-icon-link\" data-href=\"https:\/\/vuelosdetantalo.com\/es\/portfolio\/aceites-vegetales\/\"><i class=\"fa fa-link\"><\/i><\/span>\n\t\t\t\t\t\t\t\t\t\t\t\t<span class=\"overlay-icon overlay-icon-zoom cbp-image-lightbox\" data-href=\"https:\/\/vuelosdetantalo.com\/es\/wp-content\/uploads\/2017\/06\/aceite25L.jpg\" href=\"https:\/\/vuelosdetantalo.com\/es\/wp-content\/uploads\/2017\/06\/aceite25L.jpg\"><i class=\"fa fa-search\"><\/i><\/span>\n\t\t\t\t\t\t\t\t\t\t\t<\/div>\n\t\t\t\t\t\t\t\t\t\t\t\t\t\t\t\t\t\t\t\t\t\t\n\t\t\t\t\t\t\t\t\t\t\t<h3 class=\"portfolio-overlay-title\">\n\t\t\t\t\t\t\t\t\t\t\t\tAceites vegetales\t\t\t\t\t\t\t\t\t\t\t<\/h3>\n\t\t\t\t\t\t\t\t\t\t\t\n\t\t\t\t\t\t\t\t\t\t\t<div class=\"portfolio-overlay-cats\">Aceite<\/div>\n\t\t\t\t\t\t\t\t\t\t\t\t\t\t\t\t\t\t\t\t\t<\/div>\n\t\t\n\t\t\t\t\t\t\t\t\t<\/a>\n\t\t\n\t\t\t\t\t\t\t\t<\/div>\n\t\t\t\t\t\t\t\t\n\t\t\t\t\t\t\t\t\t\t\t\t\t\t\t\t<div class=\"item-outer\">\n\t\t\t\t\t\t\t\t\t<h3 class=\"portfolio-outer-title\">\n\t\t\t\t\t\t\t\t\t\t<a href=\"https:\/\/vuelosdetantalo.com\/es\/portfolio\/aceites-vegetales\/\" class=\"portfolio-outer-link\">Aceites vegetales<\/a>\n\t\t\t\t\t\t\t\t\t<\/h3>\n\t\t\t\t\t\t\t\t\t<div class=\"portfolio-outer-cats\">Aceite<\/div>\n\t\t\t\t\t\t\t\t\t\t\t\t\t\t\t\t\t<\/div>\n\t\t\t\t\t\t\t\t\t\t\t\t\t\t\t<\/div>\n\t\t\t\t\t\t\t\n\t\t\t\t\t\t\t\t\t\t\t\t\t\n\t\t\t\t\t\t\t<div class=\"item cbp-item boxed-item col-xs-4 no-excerpt aceite \">\n\t\t\n\t\t\t\t\t\t\t\t<div class=\"item-inner\">\n\t\t\n\t\t\t\t\t\t\t\t\t<a href=\"https:\/\/vuelosdetantalo.com\/es\/portfolio\/aove-premium\/\" class=\"work-image \">\n\t\t\n\t\t\t\t\t\t\t\t\t\t<img decoding=\"async\" src=\"https:\/\/vuelosdetantalo.com\/es\/wp-content\/uploads\/2015\/03\/ACEITES-PREMIUM-450x604.jpg\" alt=\"AOVE Premium\">\n\t\t\n\t\t\t\t\t\t\t\t\t\t<div class=\"portfolio-item-overlay\">\n\t\t\t\t\t\t\t\t\t\t\t\n\t\t\t\t\t\t\t\t\t\t\t\t\t\t\t\t\t\t\t\t\t\t<div class=\"portfolio-overlay-icons\">\n\t\t\t\t\t\t\t\t\t\t\t\t<span class=\"overlay-icon overlay-icon-link\" data-href=\"https:\/\/vuelosdetantalo.com\/es\/portfolio\/aove-premium\/\"><i class=\"fa fa-link\"><\/i><\/span>\n\t\t\t\t\t\t\t\t\t\t\t\t<span class=\"overlay-icon overlay-icon-zoom cbp-image-lightbox\" data-href=\"https:\/\/vuelosdetantalo.com\/es\/wp-content\/uploads\/2015\/03\/ACEITES-PREMIUM-763x1024.jpg\" href=\"https:\/\/vuelosdetantalo.com\/es\/wp-content\/uploads\/2015\/03\/ACEITES-PREMIUM-763x1024.jpg\"><i class=\"fa fa-search\"><\/i><\/span>\n\t\t\t\t\t\t\t\t\t\t\t<\/div>\n\t\t\t\t\t\t\t\t\t\t\t\t\t\t\t\t\t\t\t\t\t\t\n\t\t\t\t\t\t\t\t\t\t\t<h3 class=\"portfolio-overlay-title\">\n\t\t\t\t\t\t\t\t\t\t\t\tAOVE Premium\t\t\t\t\t\t\t\t\t\t\t<\/h3>\n\t\t\t\t\t\t\t\t\t\t\t\n\t\t\t\t\t\t\t\t\t\t\t<div class=\"portfolio-overlay-cats\">Aceite<\/div>\n\t\t\t\t\t\t\t\t\t\t\t\t\t\t\t\t\t\t\t\t\t<\/div>\n\t\t\n\t\t\t\t\t\t\t\t\t<\/a>\n\t\t\n\t\t\t\t\t\t\t\t<\/div>\n\t\t\t\t\t\t\t\t\n\t\t\t\t\t\t\t\t\t\t\t\t\t\t\t\t<div class=\"item-outer\">\n\t\t\t\t\t\t\t\t\t<h3 class=\"portfolio-outer-title\">\n\t\t\t\t\t\t\t\t\t\t<a href=\"https:\/\/vuelosdetantalo.com\/es\/portfolio\/aove-premium\/\" class=\"portfolio-outer-link\">AOVE Premium<\/a>\n\t\t\t\t\t\t\t\t\t<\/h3>\n\t\t\t\t\t\t\t\t\t<div class=\"portfolio-outer-cats\">Aceite<\/div>\n\t\t\t\t\t\t\t\t\t\t\t\t\t\t\t\t\t<\/div>\n\t\t\t\t\t\t\t\t\t\t\t\t\t\t\t<\/div>\n\t\t\t\t\t\t\t\n\t\t\t\t\t\t\t<\/div><\/div>[\/vc_column][\/vc_row]<\/p>\n","protected":false},"excerpt":{"rendered":"<p>[vc_row content_placement=&#8221;bottom&#8221;][vc_column width=&#8221;1\/2&#8243;][vc_single_image image=&#8221;3874&#8243; alignment=&#8221;center&#8221;][\/vc_column][vc_column width=&#8221;1\/2&#8243;][vc_column_text] \u00daNIKO Hemos elaborado este aceite de oliva virgen extra de cualidades superiores con aceitunas seleccionadas de fincas familiares, situadas en Espa\u00f1a. El terreno y la climatolog\u00eda presentan las caracter\u00edsticas id\u00f3neas para procurar una excelente calidad, siempre que se respete el estricto protocolo de elaboraci\u00f3n. [&hellip;]<\/p>\n","protected":false},"author":1,"featured_media":0,"parent":0,"menu_order":0,"comment_status":"closed","ping_status":"closed","template":"","meta":{"footnotes":""},"class_list":["post-3611","page","type-page","status-publish","hentry"],"_links":{"self":[{"href":"https:\/\/vuelosdetantalo.com\/es\/wp-json\/wp\/v2\/pages\/3611","targetHints":{"allow":["GET"]}}],"collection":[{"href":"https:\/\/vuelosdetantalo.com\/es\/wp-json\/wp\/v2\/pages"}],"about":[{"href":"https:\/\/vuelosdetantalo.com\/es\/wp-json\/wp\/v2\/types\/page"}],"author":[{"embeddable":true,"href":"https:\/\/vuelosdetantalo.com\/es\/wp-json\/wp\/v2\/users\/1"}],"replies":[{"embeddable":true,"href":"https:\/\/vuelosdetantalo.com\/es\/wp-json\/wp\/v2\/comments?post=3611"}],"version-history":[{"count":11,"href":"https:\/\/vuelosdetantalo.com\/es\/wp-json\/wp\/v2\/pages\/3611\/revisions"}],"predecessor-version":[{"id":3879,"href":"https:\/\/vuelosdetantalo.com\/es\/wp-json\/wp\/v2\/pages\/3611\/revisions\/3879"}],"wp:attachment":[{"href":"https:\/\/vuelosdetantalo.com\/es\/wp-json\/wp\/v2\/media?parent=3611"}],"curies":[{"name":"wp","href":"https:\/\/api.w.org\/{rel}","templated":true}]}}